{"id":163,"date":"2021-09-29T13:15:32","date_gmt":"2021-09-29T11:15:32","guid":{"rendered":"https:\/\/www.keple.it\/?page_id=163"},"modified":"2022-02-22T18:54:08","modified_gmt":"2022-02-22T17:54:08","slug":"chi-siamo","status":"publish","type":"page","link":"https:\/\/www.keple.it\/it\/chi-siamo\/","title":{"rendered":"Chi Siamo"},"content":{"rendered":"<p>[vc_row vca_2col_row=&#8221;si&#8221; full_height=&#8221;yes&#8221; columns_placement=&#8221;stretch&#8221; equal_height=&#8221;yes&#8221; el_class=&#8221;vca_2col_first_row vca_row_full_text_left&#8221; css=&#8221;.vc_custom_1630661300090{background-color: #efeeea !important;}&#8221;][vc_column width=&#8221;1\/2&#8243; el_class=&#8221;vc_content_center&#8221;]<div id=\"breadcrumbs\" class=\"standard\"><span><span><a href=\"https:\/\/www.keple.it\/it\/\">Home<\/a><\/span><\/div>[gb_vc_titolo titolo=&#8221;Una storia lunga quasi 200 anni&#8221; modello=&#8221;intro&#8221;][vc_column_text]Ad Asiago pane si dice Keple!<br \/>\nFin dal lontano 1826, generazioni di fornai hanno tramandato la passione di fare il pane\u00a0buono. <strong>Una storia lunga quasi 200 anni<\/strong>.\u00a0Produciamo<strong> numerose variet\u00e0<\/strong> di pane: dal semplice pane comune, a quello ai sette cereali,\u00a0dai pani speciali con aggiunta di olive, noci, peperoni, cipolla e \u201cchi pi\u00f9 ne ha pi\u00f9 ne metta\u201d,\u00a0al ricercatissimo pane con <strong>farina Italiana macinata a pietra<\/strong> unita al sano lievito madre.\u00a0Ma non facciamo solo pane. Ogni giorno sforniamo pizzette e pizze farcite, impreziosite con\u00a0Asiago fresco.\u00a0Potrete trovare poi alcune <strong>dolci sorprese<\/strong>: le nostre torte, la sfiziosa biscotteria e i nostri plumcake, sempre disponibili nei tre gusti yogurt, cioccolato e frutti di bosco. Un\u2019offerta ricca e assortita per soddisfare tutti i palati.[\/vc_column_text][\/vc_column][vc_column width=&#8221;1\/2&#8243; css=&#8221;.vc_custom_1622790852214{background-image: url(https:\/\/www.keple.it\/cms\/wp-content\/uploads\/2021\/06\/keple-chi-siamo-row-1-2.jpg?id=12179) !important;background-position: center !important;background-repeat: no-repeat !important;background-size: cover !important;}&#8221; el_class=&#8221;vca_2col_row_img_col vc_img-padding-col&#8221;][vc_single_image image=&#8221;12179&#8243; img_size=&#8221;large&#8221;][\/vc_column][\/vc_row][vc_row vca_custom_container=&#8221;si&#8221; vca_2col_row=&#8221;si&#8221; equal_height=&#8221;yes&#8221;][vc_column][vc_row_inner equal_height=&#8221;yes&#8221; el_class=&#8221;simple_row&#8221;][vc_column_inner el_class=&#8221;vc_content_center vc_text-padding-col&#8221; width=&#8221;1\/2&#8243;][gb_vc_titolo titolo=&#8221;Pane&#8221; tag=&#8221;h2&#8243; modello=&#8221;intro&#8221;][vc_column_text]<span style=\"font-weight: 400;\">La tradizione del pane nella nostra famiglia affonda le proprie radici nel <strong>1827<\/strong> e ha saputo rinnovarsi e sperimentare, mantenendo intatta la <strong>passione per gli ingredienti<\/strong> di prima qualit\u00e0. Sfruttando nuovi processi tecnologici riusciamo ad essere pazienti nelle lievitazioni ed efficienti nella produzione. Ogni giorno con la stessa passione, sforniamo<\/span> <span style=\"font-weight: 400;\"><strong>pagnotte per tutti i gusti<\/strong>, tra i quali l\u2019apprezzatissimo <strong>\u201cpane della domenica\u201d<\/strong> impastato con erbe,\u00a0 foglie e fiori di ortiche di montagna.<\/span><\/p>\n<p>&nbsp;<\/p>\n<p>[\/vc_column_text][vc_single_image image=&#8221;11855&#8243; alignment=&#8221;right&#8221; el_class=&#8221;mb-hide rotating_img&#8221;][\/vc_column_inner][vc_column_inner width=&#8221;1\/2&#8243;][vc_single_image image=&#8221;11895&#8243; img_size=&#8221;large&#8221; alignment=&#8221;center&#8221;][\/vc_column_inner][\/vc_row_inner][\/vc_column][\/vc_row][vc_row vca_custom_container=&#8221;si&#8221; vca_2col_row=&#8221;si&#8221; equal_height=&#8221;yes&#8221;][vc_column][vc_row_inner equal_height=&#8221;yes&#8221; el_class=&#8221;simple_row vc_row_mobile_reverse-flex&#8221;][vc_column_inner el_class=&#8221;img_puzzle_cs&#8221; width=&#8221;1\/2&#8243;][vc_single_image image=&#8221;12192&#8243; img_size=&#8221;large&#8221;][vc_single_image image=&#8221;12194&#8243; img_size=&#8221;575&#215;408&#8243; el_class=&#8221;vca_overlay_img tobeanimated fadein&#8221;][\/vc_column_inner][vc_column_inner el_class=&#8221;vc_content_center vc_text-padding-col&#8221; width=&#8221;1\/2&#8243;][gb_vc_titolo titolo=&#8221;Colazioni, torte e pasticceria&#8221; tag=&#8221;h2&#8243; modello=&#8221;intro&#8221;][vc_column_text]<span style=\"font-weight: 400;\">Vogliamo coccolarti fin dal mattino! Nella nostra caffetteria il <strong>profumo del pane appena sfornato<\/strong> si fonde con l&#8217;aroma di un <strong>buon caff\u00e8<\/strong>. Sfiziose colazioni arricchite dalle nostre brioches e dai <strong>prodotti biologici<\/strong> Rigoni di Asiago, nostro partner. Se alloggi nel nostro <strong>B&amp;B<\/strong> la colazione \u00e8 inclusa. In pi\u00f9 potrai concederti golose merende assaporando la nostra selezione di cioccolateria e cremeria calda, torte e biscotti.<\/span><\/p>\n<p>&nbsp;<\/p>\n<p>[\/vc_column_text][vc_single_image image=&#8221;12202&#8243; img_size=&#8221;large&#8221;][\/vc_column_inner][\/vc_row_inner][\/vc_column][\/vc_row][vc_row vca_2col_row=&#8221;si&#8221; equal_height=&#8221;yes&#8221; css=&#8221;.vc_custom_1622791304779{background-color: #efeeea !important;}&#8221; el_class=&#8221;vca_row_full_text_left&#8221;][vc_column width=&#8221;1\/2&#8243; css=&#8221;.vc_custom_1620457795921{background-color: #efeeea !important;}&#8221; el_class=&#8221;vc_content_center vc_text-padding-col&#8221;][gb_vc_titolo titolo=&#8221;Aperitivo&#8221; tag=&#8221;h2&#8243; modello=&#8221;intro&#8221;][vc_column_text]<span style=\"font-weight: 400;\">Basta con arachidi e patatine! Concediti un assaggio dei nostri prodotti appena sfornati mentre gusti il tuo aperitivo. <strong>Cocktail tradizionali oppure di nostra invenzione<\/strong> come il Keple Butterfly o il Keple Emozioni. Potrai gustarti Asiago al tramonto mentre chiacchieri piacevolmente con il tuo drink in mano.<\/span><\/p>\n<p>&nbsp;<\/p>\n<p>[\/vc_column_text][\/vc_column][vc_column width=&#8221;1\/2&#8243; el_class=&#8221;vca_2col_row_img_col vc_img-padding-col&#8221; css=&#8221;.vc_custom_1622879416956{background-image: url(https:\/\/www.keple.it\/cms\/wp-content\/uploads\/2021\/06\/aperitivo-otp.jpg?id=12207) !important;background-position: center !important;background-repeat: no-repeat !important;background-size: cover !important;}&#8221;][vc_single_image image=&#8221;12244&#8243; img_size=&#8221;large&#8221;][\/vc_column][\/vc_row][vc_row vca_custom_container=&#8221;si&#8221; vca_2col_row=&#8221;si&#8221; equal_height=&#8221;yes&#8221;][vc_column][vc_row_inner equal_height=&#8221;yes&#8221; el_class=&#8221;simple_row vc_row_mobile_reverse-flex&#8221;][vc_column_inner el_class=&#8221;vc_content_center vc_text-padding-col&#8221; width=&#8221;1\/2&#8243; css=&#8221;.vc_custom_1632729948150{background-position: center !important;background-repeat: no-repeat !important;background-size: cover !important;}&#8221;][vc_single_image image=&#8221;12876&#8243; alignment=&#8221;center&#8221;][\/vc_column_inner][vc_column_inner el_class=&#8221;vc_content_center vc_text-padding-col&#8221; width=&#8221;1\/2&#8243;][gb_vc_titolo titolo=&#8221;Pranzi e spuntini&#8221; tag=&#8221;h2&#8243; modello=&#8221;intro&#8221;][vc_column_text]<\/p>\n<p class=\"p1\">Keple non \u00e8 solo pane e pasticceria. Ti ospitiamo anche a pranzo!<\/p>\n<p class=\"p1\">Nei duri mesi della pandemia non ci siamo persi d\u2019animo ma abbiamo pensato di offrire qualcosa in pi\u00f9! \u00c8 nato cos\u00ec il nuovissimo \u201cAngolo Snack\u201d per uno spuntino sfizioso o per un\u2019appetitosa pausa pranzo. Troverai i nostri panini farciti, focacce imbottite e stuzzicanti tostoni oltre alle nostre pizze alla pala. Passa da Keple anche a pranzo!<\/p>\n<p>[\/vc_column_text][\/vc_column_inner][\/vc_row_inner][\/vc_column][\/vc_row][vc_row vca_2col_row=&#8221;si&#8221; equal_height=&#8221;yes&#8221; el_class=&#8221;vc_row_mobile_reverse-flex vca_row_full_text_right&#8221; css=&#8221;.vc_custom_1626304522662{background-color: #efeeea !important;}&#8221;][vc_column width=&#8221;1\/2&#8243; el_class=&#8221;vca_2col_row_img_col vc_img-padding-col&#8221; css=&#8221;.vc_custom_1620458753573{background-image: url(https:\/\/www.keple.it\/cms\/wp-content\/uploads\/2021\/04\/scopri.png?id=11994) !important;background-position: center !important;background-repeat: no-repeat !important;background-size: cover !important;}&#8221;][vc_single_image image=&#8221;12212&#8243; img_size=&#8221;large&#8221; css=&#8221;.vc_custom_1622879740456{background-image: url(https:\/\/www.keple.it\/cms\/wp-content\/uploads\/2021\/06\/camera.jpg?id=12212) !important;}&#8221;][\/vc_column][vc_column width=&#8221;1\/2&#8243; css=&#8221;.vc_custom_1622964459695{background-color: #efeeea !important;}&#8221; el_class=&#8221;vc_content_center vc_text-padding-col&#8221;][gb_vc_titolo titolo=&#8221;B&amp;B&#8221; tag=&#8221;h2&#8243; modello=&#8221;intro&#8221;][vc_column_text]<span style=\"font-weight: 400;\">Regalati Asiago!<br \/>\n<\/span><span style=\"font-weight: 400;\">Vieni a provare la nostra Sacher e, perch\u00e9 no, fermati a dormire da noi per un po\u2019 di meritato relax tra ospitalit\u00e0, qualit\u00e0 e prodotti buoni. Tre <strong>camere in stile montano, calde e accoglienti<\/strong> ti coccoleranno durante la notte. La mattina la colazione \u00e8 inclusa! Potrai respirare il profumo dei boschi e dei nostri prodotti. E poi zaino in spalla attraverso uno dei tantissimi <strong>itinerari dell\u2019altopiano<\/strong>.<\/span><\/p>\n<p>&nbsp;<\/p>\n<p>[\/vc_column_text][gb_vc_pulsante label=&#8221;Scopri di pi\u00f9&#8221; link=&#8221;url:https%3A%2F%2Fwww.keple.it%2Fit%2Fb-b%2F|title:B%26B|rel:nofollow&#8221; dimensione=&#8221;medium&#8221;][\/vc_column][\/vc_row][vc_row vca_custom_container=&#8221;si&#8221; disable_element=&#8221;yes&#8221;][vc_column][gb_blocco_immagini_hover immagini=&#8221;12202,12179,12194&#8243; txt_img_1=&#8221;candy canes liquorice&#8221; txt_img_2=&#8221;toffee dessert&#8221;]Cotton candy candy canes liquorice. Chupa chups pie cheesecake bonbon pudding cake. Souffl\u00e9 marzipan donut jelly sweet toffee dessert cake. Gummi bears souffl\u00e9 fruitcake sweet icing cupcake.[\/gb_blocco_immagini_hover][\/vc_column][\/vc_row]<\/p>\n","protected":false},"excerpt":{"rendered":"<p>[vc_row vca_2col_row=&#8221;si&#8221; full_height=&#8221;yes&#8221; columns_placement=&#8221;stretch&#8221; equal_height=&#8221;yes&#8221; el_class=&#8221;vca_2col_first_row vca_row_full_text_left&#8221; css=&#8221;.vc_custom_1630661300090{background-color: #efeeea !important;}&#8221;][vc_column width=&#8221;1\/2&#8243; el_class=&#8221;vc_content_center&#8221;][gb_vc_titolo titolo=&#8221;Una storia lunga quasi 200 anni&#8221; modello=&#8221;intro&#8221;][vc_column_text]Ad Asiago pane si dice Keple! Fin dal lontano 1826, generazioni di fornai hanno tramandato la passione di fare il pane\u00a0buono. Una storia lunga quasi 200 anni.\u00a0Produciamo numerose variet\u00e0 di pane: dal semplice pane comune, a quello [&hellip;]<\/p>\n","protected":false},"author":1,"featured_media":11901,"parent":0,"menu_order":0,"comment_status":"closed","ping_status":"closed","template":"","meta":[],"yoast_head":"<!-- This site is optimized with the Yoast SEO plugin v16.7 - https:\/\/yoast.com\/wordpress\/plugins\/seo\/ -->\n<meta name=\"description\" content=\"Panificio, Caffetteria, Bar e Pasticceria nel centro di Asiago. Pi\u00f9 di 37 tipi di pane. Ideale per una merenda o per l&#039;aperitivo. Passa a trovarci!\" \/>\n<meta name=\"robots\" content=\"index, follow, max-snippet:-1, max-image-preview:large, max-video-preview:-1\" \/>\n<link rel=\"canonical\" href=\"https:\/\/www.keple.it\/it\/chi-siamo\/\" \/>\n<meta property=\"og:locale\" content=\"it_IT\" \/>\n<meta property=\"og:type\" content=\"article\" \/>\n<meta property=\"og:title\" content=\"Panificio, Caffetteria, Bar e Pasticceria ad Asiago | Keple\" \/>\n<meta property=\"og:description\" content=\"Panificio, Caffetteria, Bar e Pasticceria nel centro di Asiago. Pi\u00f9 di 37 tipi di pane. Ideale per una merenda o per l&#039;aperitivo. Passa a trovarci!\" \/>\n<meta property=\"og:url\" content=\"https:\/\/www.keple.it\/it\/chi-siamo\/\" \/>\n<meta property=\"og:site_name\" content=\"Keple\" \/>\n<meta property=\"article:modified_time\" content=\"2022-02-22T17:54:08+00:00\" \/>\n<meta property=\"og:image\" content=\"https:\/\/www.keple.it\/cms\/wp-content\/uploads\/2021\/04\/Foto-famiglia111.jpg\" \/>\n\t<meta property=\"og:image:width\" content=\"514\" \/>\n\t<meta property=\"og:image:height\" content=\"373\" \/>\n<meta name=\"twitter:card\" content=\"summary_large_image\" \/>\n<meta name=\"twitter:label1\" content=\"Tempo di lettura stimato\" \/>\n\t<meta name=\"twitter:data1\" content=\"3 minuti\" \/>\n<script type=\"application\/ld+json\" class=\"yoast-schema-graph\">{\"@context\":\"https:\/\/schema.org\",\"@graph\":[{\"@type\":\"Organization\",\"@id\":\"https:\/\/www.keple.it\/it\/#organization\",\"name\":\"Keple\",\"url\":\"https:\/\/www.keple.it\/it\/\",\"sameAs\":[],\"logo\":{\"@type\":\"ImageObject\",\"@id\":\"https:\/\/www.keple.it\/it\/#logo\",\"inLanguage\":\"it-IT\",\"url\":\"https:\/\/www.keple.it\/cms\/wp-content\/uploads\/2021\/09\/apple-touch-icon-180x180-1.png\",\"contentUrl\":\"https:\/\/www.keple.it\/cms\/wp-content\/uploads\/2021\/09\/apple-touch-icon-180x180-1.png\",\"width\":180,\"height\":180,\"caption\":\"Keple\"},\"image\":{\"@id\":\"https:\/\/www.keple.it\/it\/#logo\"}},{\"@type\":\"WebSite\",\"@id\":\"https:\/\/www.keple.it\/it\/#website\",\"url\":\"https:\/\/www.keple.it\/it\/\",\"name\":\"Keple\",\"description\":\"Panificio Asiago\",\"publisher\":{\"@id\":\"https:\/\/www.keple.it\/it\/#organization\"},\"potentialAction\":[{\"@type\":\"SearchAction\",\"target\":{\"@type\":\"EntryPoint\",\"urlTemplate\":\"https:\/\/www.keple.it\/it\/?s={search_term_string}\"},\"query-input\":\"required name=search_term_string\"}],\"inLanguage\":\"it-IT\"},{\"@type\":\"ImageObject\",\"@id\":\"https:\/\/www.keple.it\/it\/chi-siamo\/#primaryimage\",\"inLanguage\":\"it-IT\",\"url\":\"https:\/\/www.keple.it\/cms\/wp-content\/uploads\/2021\/04\/Foto-famiglia111.jpg\",\"contentUrl\":\"https:\/\/www.keple.it\/cms\/wp-content\/uploads\/2021\/04\/Foto-famiglia111.jpg\",\"width\":514,\"height\":373,\"caption\":\"Foto famiglia Keple\"},{\"@type\":[\"WebPage\",\"AboutPage\"],\"@id\":\"https:\/\/www.keple.it\/it\/chi-siamo\/#webpage\",\"url\":\"https:\/\/www.keple.it\/it\/chi-siamo\/\",\"name\":\"Panificio, Caffetteria, Bar e Pasticceria ad Asiago | Keple\",\"isPartOf\":{\"@id\":\"https:\/\/www.keple.it\/it\/#website\"},\"primaryImageOfPage\":{\"@id\":\"https:\/\/www.keple.it\/it\/chi-siamo\/#primaryimage\"},\"datePublished\":\"2021-09-29T11:15:32+00:00\",\"dateModified\":\"2022-02-22T17:54:08+00:00\",\"description\":\"Panificio, Caffetteria, Bar e Pasticceria nel centro di Asiago. Pi\\u00f9 di 37 tipi di pane. Ideale per una merenda o per l'aperitivo. Passa a trovarci!\",\"breadcrumb\":{\"@id\":\"https:\/\/www.keple.it\/it\/chi-siamo\/#breadcrumb\"},\"inLanguage\":\"it-IT\",\"potentialAction\":[{\"@type\":\"ReadAction\",\"target\":[\"https:\/\/www.keple.it\/it\/chi-siamo\/\"]}]},{\"@type\":\"BreadcrumbList\",\"@id\":\"https:\/\/www.keple.it\/it\/chi-siamo\/#breadcrumb\",\"itemListElement\":[{\"@type\":\"ListItem\",\"position\":1,\"name\":\"Home\",\"item\":\"https:\/\/www.keple.it\/it\/\"},{\"@type\":\"ListItem\",\"position\":2,\"name\":\"Chi Siamo\"}]}]}<\/script>\n<!-- \/ Yoast SEO plugin. -->","yoast_head_json":{"description":"Panificio, Caffetteria, Bar e Pasticceria nel centro di Asiago. Pi\u00f9 di 37 tipi di pane. Ideale per una merenda o per l'aperitivo. Passa a trovarci!","robots":{"index":"index","follow":"follow","max-snippet":"max-snippet:-1","max-image-preview":"max-image-preview:large","max-video-preview":"max-video-preview:-1"},"canonical":"https:\/\/www.keple.it\/it\/chi-siamo\/","og_locale":"it_IT","og_type":"article","og_title":"Panificio, Caffetteria, Bar e Pasticceria ad Asiago | Keple","og_description":"Panificio, Caffetteria, Bar e Pasticceria nel centro di Asiago. Pi\u00f9 di 37 tipi di pane. Ideale per una merenda o per l'aperitivo. Passa a trovarci!","og_url":"https:\/\/www.keple.it\/it\/chi-siamo\/","og_site_name":"Keple","article_modified_time":"2022-02-22T17:54:08+00:00","og_image":[{"width":514,"height":373,"url":"https:\/\/www.keple.it\/cms\/wp-content\/uploads\/2021\/04\/Foto-famiglia111.jpg","path":"\/home\/kepledd\/public_html\/cms\/wp-content\/uploads\/2021\/04\/Foto-famiglia111.jpg","size":"full","id":11901,"alt":"Foto famiglia Keple","pixels":191722,"type":"image\/jpeg"}],"twitter_card":"summary_large_image","twitter_misc":{"Tempo di lettura stimato":"3 minuti"},"schema":{"@context":"https:\/\/schema.org","@graph":[{"@type":"Organization","@id":"https:\/\/www.keple.it\/it\/#organization","name":"Keple","url":"https:\/\/www.keple.it\/it\/","sameAs":[],"logo":{"@type":"ImageObject","@id":"https:\/\/www.keple.it\/it\/#logo","inLanguage":"it-IT","url":"https:\/\/www.keple.it\/cms\/wp-content\/uploads\/2021\/09\/apple-touch-icon-180x180-1.png","contentUrl":"https:\/\/www.keple.it\/cms\/wp-content\/uploads\/2021\/09\/apple-touch-icon-180x180-1.png","width":180,"height":180,"caption":"Keple"},"image":{"@id":"https:\/\/www.keple.it\/it\/#logo"}},{"@type":"WebSite","@id":"https:\/\/www.keple.it\/it\/#website","url":"https:\/\/www.keple.it\/it\/","name":"Keple","description":"Panificio Asiago","publisher":{"@id":"https:\/\/www.keple.it\/it\/#organization"},"potentialAction":[{"@type":"SearchAction","target":{"@type":"EntryPoint","urlTemplate":"https:\/\/www.keple.it\/it\/?s={search_term_string}"},"query-input":"required name=search_term_string"}],"inLanguage":"it-IT"},{"@type":"ImageObject","@id":"https:\/\/www.keple.it\/it\/chi-siamo\/#primaryimage","inLanguage":"it-IT","url":"https:\/\/www.keple.it\/cms\/wp-content\/uploads\/2021\/04\/Foto-famiglia111.jpg","contentUrl":"https:\/\/www.keple.it\/cms\/wp-content\/uploads\/2021\/04\/Foto-famiglia111.jpg","width":514,"height":373,"caption":"Foto famiglia Keple"},{"@type":["WebPage","AboutPage"],"@id":"https:\/\/www.keple.it\/it\/chi-siamo\/#webpage","url":"https:\/\/www.keple.it\/it\/chi-siamo\/","name":"Panificio, Caffetteria, Bar e Pasticceria ad Asiago | Keple","isPartOf":{"@id":"https:\/\/www.keple.it\/it\/#website"},"primaryImageOfPage":{"@id":"https:\/\/www.keple.it\/it\/chi-siamo\/#primaryimage"},"datePublished":"2021-09-29T11:15:32+00:00","dateModified":"2022-02-22T17:54:08+00:00","description":"Panificio, Caffetteria, Bar e Pasticceria nel centro di Asiago. Pi\u00f9 di 37 tipi di pane. Ideale per una merenda o per l'aperitivo. Passa a trovarci!","breadcrumb":{"@id":"https:\/\/www.keple.it\/it\/chi-siamo\/#breadcrumb"},"inLanguage":"it-IT","potentialAction":[{"@type":"ReadAction","target":["https:\/\/www.keple.it\/it\/chi-siamo\/"]}]},{"@type":"BreadcrumbList","@id":"https:\/\/www.keple.it\/it\/chi-siamo\/#breadcrumb","itemListElement":[{"@type":"ListItem","position":1,"name":"Home","item":"https:\/\/www.keple.it\/it\/"},{"@type":"ListItem","position":2,"name":"Chi Siamo"}]}]}},"_links":{"self":[{"href":"https:\/\/www.keple.it\/it\/wp-json\/wp\/v2\/pages\/163"}],"collection":[{"href":"https:\/\/www.keple.it\/it\/wp-json\/wp\/v2\/pages"}],"about":[{"href":"https:\/\/www.keple.it\/it\/wp-json\/wp\/v2\/types\/page"}],"author":[{"embeddable":true,"href":"https:\/\/www.keple.it\/it\/wp-json\/wp\/v2\/users\/1"}],"replies":[{"embeddable":true,"href":"https:\/\/www.keple.it\/it\/wp-json\/wp\/v2\/comments?post=163"}],"version-history":[{"count":7,"href":"https:\/\/www.keple.it\/it\/wp-json\/wp\/v2\/pages\/163\/revisions"}],"predecessor-version":[{"id":13079,"href":"https:\/\/www.keple.it\/it\/wp-json\/wp\/v2\/pages\/163\/revisions\/13079"}],"wp:featuredmedia":[{"embeddable":true,"href":"https:\/\/www.keple.it\/it\/wp-json\/wp\/v2\/media\/11901"}],"wp:attachment":[{"href":"https:\/\/www.keple.it\/it\/wp-json\/wp\/v2\/media?parent=163"}],"curies":[{"name":"wp","href":"https:\/\/api.w.org\/{rel}","templated":true}]}}